{"id":1219,"date":"2019-11-14T14:39:02","date_gmt":"2019-11-14T14:39:02","guid":{"rendered":"http:\/\/tentenverhuursleidinge.be\/?page_id=1219"},"modified":"2024-01-23T19:00:35","modified_gmt":"2024-01-23T19:00:35","slug":"sfeerverlichting","status":"publish","type":"page","link":"https:\/\/tentenverhuursleidinge.be\/verhuur\/sfeerverlichting\/","title":{"rendered":"Sfeerverlichting"},"content":{"rendered":"<div id=\"pl-1219\"  class=\"panel-layout\" ><div id=\"pg-1219-0\"  class=\"panel-grid panel-no-style\" ><div id=\"pgc-1219-0-0\"  class=\"panel-grid-cell panel-grid-cell-empty\" ><\/div><div id=\"pgc-1219-0-1\"  class=\"panel-grid-cell panel-grid-cell-mobile-last\" ><div id=\"panel-1219-0-1-0\" class=\"so-panel widget widget_sow-editor panel-first-child panel-last-child\" data-index=\"0\" ><div\n\t\t\t\n\t\t\tclass=\"so-widget-sow-editor so-widget-sow-editor-base\"\n\t\t\t\n\t\t>\n<div class=\"siteorigin-widget-tinymce textwidget\">\n\t<p style=\"text-align: center;\">Met de juiste verlichting op jouw feest of evenement kan je de beleving ervan naar een nog hoger niveau tillen. De opties met onze lichtslingers zijn eindeloos! Je kan ze gebruiken als sfeerverlichting maar ook als de verlichting in jouw tent! Tenslotte kunnen ze ook geschakeld worden aan het mengpaneel waardoor er nog een extra beleving kunt toevoegen!<\/p>\n<p style=\"text-align: center;\">Onze uplichter hebben wij in 2 formaten, enerzijds \u00e9\u00e9n voor op de grond onder een boom, naast een muur of standbeeld, .. anderzijds \u00e9\u00e9n voor op de palen van de tent te plaatsen. Door de grote batterij blijven de lichten de volledige avond branden in de kleur van jouw keuze!<\/p>\n<\/div>\n<\/div><\/div><\/div><div id=\"pgc-1219-0-2\"  class=\"panel-grid-cell panel-grid-cell-empty\" ><\/div><\/div><div id=\"pg-1219-1\"  class=\"panel-grid panel-no-style\" ><div id=\"pgc-1219-1-0\"  class=\"panel-grid-cell panel-grid-cell-empty\" ><\/div><div id=\"pgc-1219-1-1\"  class=\"panel-grid-cell panel-grid-cell-mobile-last\" ><div id=\"panel-1219-1-1-0\" class=\"so-panel widget widget_sow-image panel-first-child panel-last-child\" data-index=\"1\" ><div\n\t\t\t\n\t\t\tclass=\"so-widget-sow-image so-widget-sow-image-default-8b5b6f678277-1219\"\n\t\t\t\n\t\t>\n<div class=\"sow-image-container\">\n\t\t\t<a href=\"https:\/\/tentenverhuursleidinge.be\/verhuur\/lichtslingers\/\"\n\t\t\t\t\t>\n\t\t\t<img \n\tsrc=\"https:\/\/i0.wp.com\/tentenverhuursleidinge.be\/verhuur\/wp-content\/uploads\/2023\/07\/Lichtslinger-Warm-Wit.png?fit=1200%2C900&amp;ssl=1\" width=\"1200\" height=\"900\" srcset=\"https:\/\/i0.wp.com\/tentenverhuursleidinge.be\/verhuur\/wp-content\/uploads\/2023\/07\/Lichtslinger-Warm-Wit.png?w=1200&amp;ssl=1 1200w, https:\/\/i0.wp.com\/tentenverhuursleidinge.be\/verhuur\/wp-content\/uploads\/2023\/07\/Lichtslinger-Warm-Wit.png?resize=300%2C225&amp;ssl=1 300w, https:\/\/i0.wp.com\/tentenverhuursleidinge.be\/verhuur\/wp-content\/uploads\/2023\/07\/Lichtslinger-Warm-Wit.png?resize=1024%2C768&amp;ssl=1 1024w, https:\/\/i0.wp.com\/tentenverhuursleidinge.be\/verhuur\/wp-content\/uploads\/2023\/07\/Lichtslinger-Warm-Wit.png?resize=768%2C576&amp;ssl=1 768w, https:\/\/i0.wp.com\/tentenverhuursleidinge.be\/verhuur\/wp-content\/uploads\/2023\/07\/Lichtslinger-Warm-Wit.png?resize=500%2C375&amp;ssl=1 500w\" title=\"Heldere lichtslinger\" alt=\"Lichtslinger\" \t\tclass=\"so-widget-image\"\/>\n\t\t\t<\/a><\/div>\n\n<\/div><\/div><\/div><div id=\"pgc-1219-1-2\"  class=\"panel-grid-cell panel-grid-cell-empty\" ><\/div><\/div><div id=\"pg-1219-2\"  class=\"panel-grid panel-no-style\" ><div id=\"pgc-1219-2-0\"  class=\"panel-grid-cell\" ><div id=\"panel-1219-2-0-0\" class=\"so-panel widget widget_sow-image panel-first-child panel-last-child\" data-index=\"2\" ><div\n\t\t\t\n\t\t\tclass=\"so-widget-sow-image so-widget-sow-image-default-8b5b6f678277-1219\"\n\t\t\t\n\t\t>\n<div class=\"sow-image-container\">\n\t\t\t<a href=\"https:\/\/tentenverhuursleidinge.be\/verhuur\/sfeerspotjes\/\"\n\t\t\t\t\t>\n\t\t\t<img \n\tsrc=\"https:\/\/i0.wp.com\/tentenverhuursleidinge.be\/verhuur\/wp-content\/uploads\/2023\/07\/Uplighter-Groot.png?fit=1200%2C900&amp;ssl=1\" width=\"1200\" height=\"900\" srcset=\"https:\/\/i0.wp.com\/tentenverhuursleidinge.be\/verhuur\/wp-content\/uploads\/2023\/07\/Uplighter-Groot.png?w=1200&amp;ssl=1 1200w, https:\/\/i0.wp.com\/tentenverhuursleidinge.be\/verhuur\/wp-content\/uploads\/2023\/07\/Uplighter-Groot.png?resize=300%2C225&amp;ssl=1 300w, https:\/\/i0.wp.com\/tentenverhuursleidinge.be\/verhuur\/wp-content\/uploads\/2023\/07\/Uplighter-Groot.png?resize=1024%2C768&amp;ssl=1 1024w, https:\/\/i0.wp.com\/tentenverhuursleidinge.be\/verhuur\/wp-content\/uploads\/2023\/07\/Uplighter-Groot.png?resize=768%2C576&amp;ssl=1 768w, https:\/\/i0.wp.com\/tentenverhuursleidinge.be\/verhuur\/wp-content\/uploads\/2023\/07\/Uplighter-Groot.png?resize=500%2C375&amp;ssl=1 500w\" title=\"Uplighter\" alt=\"Uplighter\" \t\tclass=\"so-widget-image\"\/>\n\t\t\t<\/a><\/div>\n\n<\/div><\/div><\/div><div id=\"pgc-1219-2-1\"  class=\"panel-grid-cell\" ><div id=\"panel-1219-2-1-0\" class=\"so-panel widget widget_sow-image panel-first-child panel-last-child\" data-index=\"3\" ><div\n\t\t\t\n\t\t\tclass=\"so-widget-sow-image so-widget-sow-image-default-8b5b6f678277-1219\"\n\t\t\t\n\t\t>\n<div class=\"sow-image-container\">\n\t\t\t<a href=\"https:\/\/tentenverhuursleidinge.be\/verhuur\/lichtslingers\/\"\n\t\t\t\t\t>\n\t\t\t<img \n\tsrc=\"https:\/\/i0.wp.com\/tentenverhuursleidinge.be\/verhuur\/wp-content\/uploads\/2019\/12\/N2.-Lichtslinger-mat-wit.jpg?fit=800%2C600&amp;ssl=1\" width=\"800\" height=\"600\" srcset=\"https:\/\/i0.wp.com\/tentenverhuursleidinge.be\/verhuur\/wp-content\/uploads\/2019\/12\/N2.-Lichtslinger-mat-wit.jpg?w=800&amp;ssl=1 800w, https:\/\/i0.wp.com\/tentenverhuursleidinge.be\/verhuur\/wp-content\/uploads\/2019\/12\/N2.-Lichtslinger-mat-wit.jpg?resize=300%2C225&amp;ssl=1 300w, https:\/\/i0.wp.com\/tentenverhuursleidinge.be\/verhuur\/wp-content\/uploads\/2019\/12\/N2.-Lichtslinger-mat-wit.jpg?resize=768%2C576&amp;ssl=1 768w, https:\/\/i0.wp.com\/tentenverhuursleidinge.be\/verhuur\/wp-content\/uploads\/2019\/12\/N2.-Lichtslinger-mat-wit.jpg?resize=600%2C450&amp;ssl=1 600w\" title=\"Matte lichtslinger\" alt=\"\" \t\tclass=\"so-widget-image\"\/>\n\t\t\t<\/a><\/div>\n\n<\/div><\/div><\/div><div id=\"pgc-1219-2-2\"  class=\"panel-grid-cell\" ><div id=\"panel-1219-2-2-0\" class=\"so-panel widget widget_sow-image panel-first-child panel-last-child\" data-index=\"4\" ><div\n\t\t\t\n\t\t\tclass=\"so-widget-sow-image so-widget-sow-image-default-8b5b6f678277-1219\"\n\t\t\t\n\t\t>\n<div class=\"sow-image-container\">\n\t\t\t<a href=\"https:\/\/tentenverhuursleidinge.be\/verhuur\/sfeerspotjes\/\"\n\t\t\t\t\t>\n\t\t\t<img \n\tsrc=\"https:\/\/i0.wp.com\/tentenverhuursleidinge.be\/verhuur\/wp-content\/uploads\/2023\/07\/Uplighter-Klein.png?fit=1200%2C900&amp;ssl=1\" width=\"1200\" height=\"900\" srcset=\"https:\/\/i0.wp.com\/tentenverhuursleidinge.be\/verhuur\/wp-content\/uploads\/2023\/07\/Uplighter-Klein.png?w=1200&amp;ssl=1 1200w, https:\/\/i0.wp.com\/tentenverhuursleidinge.be\/verhuur\/wp-content\/uploads\/2023\/07\/Uplighter-Klein.png?resize=300%2C225&amp;ssl=1 300w, https:\/\/i0.wp.com\/tentenverhuursleidinge.be\/verhuur\/wp-content\/uploads\/2023\/07\/Uplighter-Klein.png?resize=1024%2C768&amp;ssl=1 1024w, https:\/\/i0.wp.com\/tentenverhuursleidinge.be\/verhuur\/wp-content\/uploads\/2023\/07\/Uplighter-Klein.png?resize=768%2C576&amp;ssl=1 768w, https:\/\/i0.wp.com\/tentenverhuursleidinge.be\/verhuur\/wp-content\/uploads\/2023\/07\/Uplighter-Klein.png?resize=500%2C375&amp;ssl=1 500w\" title=\"Uplighter\" alt=\"Uplighters\" \t\tclass=\"so-widget-image\"\/>\n\t\t\t<\/a><\/div>\n\n<\/div><\/div><\/div><\/div><div id=\"pg-1219-3\"  class=\"panel-grid panel-no-style\" ><div id=\"pgc-1219-3-0\"  class=\"panel-grid-cell panel-grid-cell-empty\" ><\/div><div id=\"pgc-1219-3-1\"  class=\"panel-grid-cell panel-grid-cell-mobile-last\" ><div id=\"panel-1219-3-1-0\" class=\"so-panel widget widget_sow-image panel-first-child panel-last-child\" data-index=\"5\" ><div\n\t\t\t\n\t\t\tclass=\"so-widget-sow-image so-widget-sow-image-default-8b5b6f678277-1219\"\n\t\t\t\n\t\t>\n<div class=\"sow-image-container\">\n\t\t\t<a href=\"https:\/\/tentenverhuursleidinge.be\/verhuur\/lichtslingers\/\"\n\t\t\t\t\t>\n\t\t\t<img \n\tsrc=\"https:\/\/i0.wp.com\/tentenverhuursleidinge.be\/verhuur\/wp-content\/uploads\/2019\/12\/N3.-Lichtslinger-gekleurd.jpg?fit=800%2C600&amp;ssl=1\" width=\"800\" height=\"600\" srcset=\"https:\/\/i0.wp.com\/tentenverhuursleidinge.be\/verhuur\/wp-content\/uploads\/2019\/12\/N3.-Lichtslinger-gekleurd.jpg?w=800&amp;ssl=1 800w, https:\/\/i0.wp.com\/tentenverhuursleidinge.be\/verhuur\/wp-content\/uploads\/2019\/12\/N3.-Lichtslinger-gekleurd.jpg?resize=300%2C225&amp;ssl=1 300w, https:\/\/i0.wp.com\/tentenverhuursleidinge.be\/verhuur\/wp-content\/uploads\/2019\/12\/N3.-Lichtslinger-gekleurd.jpg?resize=768%2C576&amp;ssl=1 768w, https:\/\/i0.wp.com\/tentenverhuursleidinge.be\/verhuur\/wp-content\/uploads\/2019\/12\/N3.-Lichtslinger-gekleurd.jpg?resize=600%2C450&amp;ssl=1 600w\" title=\"Gekleurde lichtslinger\" alt=\"\" \t\tclass=\"so-widget-image\"\/>\n\t\t\t<\/a><\/div>\n\n<\/div><\/div><\/div><div id=\"pgc-1219-3-2\"  class=\"panel-grid-cell panel-grid-cell-empty\" ><\/div><\/div><\/div>","protected":false},"excerpt":{"rendered":"<p>Met de juiste verlichting op jouw feest of evenement kan je de beleving ervan naar een nog hoger niveau tillen. De opties met onze lichtslingers zijn eindeloos! Je kan ze gebruiken als sfeerverlichting maar ook als de verlichting in jouw tent! Tenslotte kunnen ze ook geschakeld worden aan het mengpaneel waardoor er nog een extra &hellip; <\/p>\n<p class=\"link-more\"><a href=\"https:\/\/tentenverhuursleidinge.be\/verhuur\/sfeerverlichting\/\" class=\"more-link\">Continue reading<span class=\"screen-reader-text\"> &#8220;Sfeerverlichting&#8221;<\/span><\/a><\/p>\n","protected":false},"author":1,"featured_media":0,"parent":0,"menu_order":0,"comment_status":"closed","ping_status":"closed","template":"","meta":{"nf_dc_page":"","om_disable_all_campaigns":false,"_monsterinsights_skip_tracking":false,"_monsterinsights_sitenote_active":false,"_monsterinsights_sitenote_note":"","_monsterinsights_sitenote_category":0,"jetpack_post_was_ever_published":false,"footnotes":""},"class_list":["post-1219","page","type-page","status-publish","hentry"],"aioseo_notices":[],"jetpack_sharing_enabled":true,"jetpack_shortlink":"https:\/\/wp.me\/PanVYR-jF","_links":{"self":[{"href":"https:\/\/tentenverhuursleidinge.be\/verhuur\/wp-json\/wp\/v2\/pages\/1219","targetHints":{"allow":["GET"]}}],"collection":[{"href":"https:\/\/tentenverhuursleidinge.be\/verhuur\/wp-json\/wp\/v2\/pages"}],"about":[{"href":"https:\/\/tentenverhuursleidinge.be\/verhuur\/wp-json\/wp\/v2\/types\/page"}],"author":[{"embeddable":true,"href":"https:\/\/tentenverhuursleidinge.be\/verhuur\/wp-json\/wp\/v2\/users\/1"}],"replies":[{"embeddable":true,"href":"https:\/\/tentenverhuursleidinge.be\/verhuur\/wp-json\/wp\/v2\/comments?post=1219"}],"version-history":[{"count":5,"href":"https:\/\/tentenverhuursleidinge.be\/verhuur\/wp-json\/wp\/v2\/pages\/1219\/revisions"}],"predecessor-version":[{"id":2480,"href":"https:\/\/tentenverhuursleidinge.be\/verhuur\/wp-json\/wp\/v2\/pages\/1219\/revisions\/2480"}],"wp:attachment":[{"href":"https:\/\/tentenverhuursleidinge.be\/verhuur\/wp-json\/wp\/v2\/media?parent=1219"}],"curies":[{"name":"wp","href":"https:\/\/api.w.org\/{rel}","templated":true}]}}